{"id":3391,"date":"2017-08-09T01:26:45","date_gmt":"2017-08-09T08:26:45","guid":{"rendered":"http:\/\/heritageseedmarket.com\/?post_type=product&#038;p=3391"},"modified":"2026-04-03T04:24:17","modified_gmt":"2026-04-03T11:24:17","slug":"jalapeno-m","status":"publish","type":"product","link":"https:\/\/heritageseedmarket.com\/index.php\/product\/jalapeno-m\/","title":{"rendered":"Jalapeno M"},"content":{"rendered":"","protected":false},"excerpt":{"rendered":"<ul>\n<li>Grown, sold, and described by <a href=\"http:\/\/heritageseedmarket.com\/?p=38\" target=\"_blank\" rel=\"noopener noreferrer\"><em>Bunny Hop Seeds<\/em><\/a><\/li>\n<li>Time to maturity: early to midseason<\/li>\n<li>Heat: hot<\/li>\n<li>Approx. number of seeds per pack: 20<\/li>\n<li> Capsicum annuum<\/li>\n<li> Bagged Bloom Seeds<\/li>\n<\/ul>\n<p>Jalape\u00f1o M is a nice, productive pepper, said to be from Xalapa, Veracruz, Mexico; however, I believe that history references the origin of jalape\u00f1os in general, rather than being specific to Jalape\u00f1o M. I like to use this one to make smoked jalape\u00f1o-lime sea salt because the plant gives plenty of fruits.  <\/p>\n","protected":false},"featured_media":3392,"template":"","meta":[],"product_brand":[],"product_cat":[69,12],"product_tag":[],"class_list":{"0":"post-3391","1":"product","2":"type-product","3":"status-publish","4":"has-post-thumbnail","6":"product_cat-medium-very-hot","7":"product_cat-bunny-hop-seeds","9":"first","10":"instock","11":"shipping-taxable","12":"purchasable","13":"product-type-simple"},"_links":{"self":[{"href":"https:\/\/heritageseedmarket.com\/index.php\/wp-json\/wp\/v2\/product\/3391","targetHints":{"allow":["GET"]}}],"collection":[{"href":"https:\/\/heritageseedmarket.com\/index.php\/wp-json\/wp\/v2\/product"}],"about":[{"href":"https:\/\/heritageseedmarket.com\/index.php\/wp-json\/wp\/v2\/types\/product"}],"wp:featuredmedia":[{"embeddable":true,"href":"https:\/\/heritageseedmarket.com\/index.php\/wp-json\/wp\/v2\/media\/3392"}],"wp:attachment":[{"href":"https:\/\/heritageseedmarket.com\/index.php\/wp-json\/wp\/v2\/media?parent=3391"}],"wp:term":[{"taxonomy":"product_brand","embeddable":true,"href":"https:\/\/heritageseedmarket.com\/index.php\/wp-json\/wp\/v2\/product_brand?post=3391"},{"taxonomy":"product_cat","embeddable":true,"href":"https:\/\/heritageseedmarket.com\/index.php\/wp-json\/wp\/v2\/product_cat?post=3391"},{"taxonomy":"product_tag","embeddable":true,"href":"https:\/\/heritageseedmarket.com\/index.php\/wp-json\/wp\/v2\/product_tag?post=3391"}],"curies":[{"name":"wp","href":"https:\/\/api.w.org\/{rel}","templated":true}]}}